{"id":2881,"date":"2025-11-06T15:09:56","date_gmt":"2025-11-06T14:09:56","guid":{"rendered":"http:\/\/browarsady.pl\/?page_id=2881"},"modified":"2025-11-06T15:12:24","modified_gmt":"2025-11-06T14:12:24","slug":"triple-espresso-imperial-stout","status":"publish","type":"page","link":"http:\/\/browarsady.pl\/en\/triple-espresso-imperial-stout\/","title":{"rendered":"Triple Espresso Imperial Stout"},"content":{"rendered":"<div data-elementor-type=\"wp-page\" data-elementor-id=\"2881\" class=\"elementor elementor-2881\">\n\t\t\t\t\t\t\t<div class=\"elementor-element elementor-element-278f1b8 e-flex e-con-boxed e-con e-parent\" data-id=\"278f1b8\" data-element_type=\"container\" data-settings=\"{&quot;content_width&quot;:&quot;boxed&quot;}\" data-core-v316-plus=\"true\">\n\t\t\t\t\t<div class=\"e-con-inner\">\n\t\t<div class=\"elementor-element elementor-element-966bd1d e-con-full e-flex e-con e-child\" data-id=\"966bd1d\" data-element_type=\"container\" data-settings=\"{&quot;content_width&quot;:&quot;full&quot;}\">\n\t\t\t\t<div class=\"elementor-element elementor-element-246e543 elementor-widget__width-initial elementor-widget elementor-widget-image\" data-id=\"246e543\" data-element_type=\"widget\" data-widget_type=\"image.default\">\n\t\t\t\t<div class=\"elementor-widget-container\">\n\t\t\t<style>\/*! elementor - v3.18.0 - 20-12-2023 *\/\n.elementor-widget-image{text-align:center}.elementor-widget-image a{display:inline-block}.elementor-widget-image a img[src$=\".svg\"]{width:48px}.elementor-widget-image img{vertical-align:middle;display:inline-block}<\/style>\t\t\t\t\t\t\t\t\t\t\t\t<img fetchpriority=\"high\" decoding=\"async\" width=\"1024\" height=\"1024\" src=\"http:\/\/browarsady.pl\/wp-content\/uploads\/2025\/09\/Triple-Espresso-1024x1024.png\" class=\"attachment-large size-large wp-image-2849\" alt=\"\" srcset=\"http:\/\/browarsady.pl\/wp-content\/uploads\/2025\/09\/Triple-Espresso-1024x1024.png 1024w, http:\/\/browarsady.pl\/wp-content\/uploads\/2025\/09\/Triple-Espresso-300x300.png 300w, http:\/\/browarsady.pl\/wp-content\/uploads\/2025\/09\/Triple-Espresso-150x150.png 150w, http:\/\/browarsady.pl\/wp-content\/uploads\/2025\/09\/Triple-Espresso-768x768.png 768w, http:\/\/browarsady.pl\/wp-content\/uploads\/2025\/09\/Triple-Espresso-12x12.png 12w, http:\/\/browarsady.pl\/wp-content\/uploads\/2025\/09\/Triple-Espresso-500x500.png 500w, http:\/\/browarsady.pl\/wp-content\/uploads\/2025\/09\/Triple-Espresso.png 1291w\" sizes=\"(max-width: 1024px) 100vw, 1024px\" \/>\t\t\t\t\t\t\t\t\t\t\t\t\t\t\t<\/div>\n\t\t\t\t<\/div>\n\t\t\t\t<\/div>\n\t\t<div class=\"elementor-element elementor-element-cceb54f e-con-full e-flex e-con e-child\" data-id=\"cceb54f\" data-element_type=\"container\" data-settings=\"{&quot;content_width&quot;:&quot;full&quot;}\">\n\t\t<div class=\"elementor-element elementor-element-8bc2abd e-flex e-con-boxed e-con e-child\" data-id=\"8bc2abd\" data-element_type=\"container\" data-settings=\"{&quot;content_width&quot;:&quot;boxed&quot;}\">\n\t\t\t\t\t<div class=\"e-con-inner\">\n\t\t\t\t<div class=\"elementor-element elementor-element-c251d71 elementor-view-default elementor-position-top elementor-mobile-position-top elementor-widget elementor-widget-icon-box\" data-id=\"c251d71\" data-element_type=\"widget\" data-widget_type=\"icon-box.default\">\n\t\t\t\t<div class=\"elementor-widget-container\">\n\t\t\t<link rel=\"stylesheet\" href=\"http:\/\/browarsady.pl\/wp-content\/plugins\/elementor\/assets\/css\/widget-icon-box.min.css\">\t\t<div class=\"elementor-icon-box-wrapper\">\n\t\t\t\t\t\t<div class=\"elementor-icon-box-icon\">\n\t\t\t\t<span  class=\"elementor-icon elementor-animation-\">\n\t\t\t\t<svg aria-hidden=\"true\" class=\"e-font-icon-svg e-fas-tablets\" viewbox=\"0 0 640 512\" xmlns=\"http:\/\/www.w3.org\/2000\/svg\"><path d=\"M160 192C78.9 192 12.5 250.5.1 326.7c-.8 4.8 3.3 9.3 8.3 9.3h303.3c5 0 9.1-4.5 8.3-9.3C307.5 250.5 241.1 192 160 192zm151.6 176H8.4c-5 0-9.1 4.5-8.3 9.3C12.5 453.5 78.9 512 160 512s147.5-58.5 159.9-134.7c.8-4.8-3.3-9.3-8.3-9.3zM593.4 46.6c-56.5-56.5-144.2-61.4-206.9-16-4 2.9-4.3 8.9-.8 12.3L597 254.3c3.5 3.5 9.5 3.2 12.3-.8 45.5-62.7 40.6-150.4-15.9-206.9zM363 65.7c-3.5-3.5-9.5-3.2-12.3.8-45.4 62.7-40.5 150.4 15.9 206.9 56.5 56.5 144.2 61.4 206.9 15.9 4-2.9 4.3-8.9.8-12.3L363 65.7z\"><\/path><\/svg>\t\t\t\t<\/span>\n\t\t\t<\/div>\n\t\t\t\t\t\t<div class=\"elementor-icon-box-content\">\n\t\t\t\t<h3 class=\"elementor-icon-box-title\">\n\t\t\t\t\t<span  >\n\t\t\t\t\t\tBeer profile\t\t\t\t\t<\/span>\n\t\t\t\t<\/h3>\n\t\t\t\t\t\t\t\t\t<p class=\"elementor-icon-box-description\">\n\t\t\t\t\t\tG\u0119sty, ciemny, nieprzejrzysty... Klasyczny imperialny stout\nwzbogacony spor\u0105 dawk\u0105 kawy dodanej w formie espresso!\nAle kawa to nie wszystko. \u017beby aromat by\u0142 jeszcze bardziej\nkompleksowy dodali\u015bmy do piwa ziarna kakaowca.\nTak powsta\u0142 Triple Espresso Imperial Stout \u2013 piwo, kt\u00f3re oddaje\nho\u0142d kawie, ale zachowuje dusz\u0119 stoutu. Aromat espresso czu\u0107\nnie tylko w zapachu, ale te\u017c w strukturze i finiszu. Kakaowiec\ndope\u0142nia ca\u0142o\u015bci. S\u0142odowe cia\u0142o zosta\u0142o tutaj skontrowane\nznacz\u0105c\u0105 goryczk\u0105, kt\u00f3ra balansuje to piwo.\nPiwo bez \u017cadnych sztucznych dodatk\u00f3w czy aromat\u00f3w.\nWy\u0142\u0105cznie piwna baza, espresso i kakaowiec.\t\t\t\t\t<\/p>\n\t\t\t\t\t\t\t<\/div>\n\t\t<\/div>\n\t\t\t\t<\/div>\n\t\t\t\t<\/div>\n\t\t\t\t<div class=\"elementor-element elementor-element-739a1dd elementor-view-default elementor-position-top elementor-mobile-position-top elementor-widget elementor-widget-icon-box\" data-id=\"739a1dd\" data-element_type=\"widget\" data-widget_type=\"icon-box.default\">\n\t\t\t\t<div class=\"elementor-widget-container\">\n\t\t\t\t\t<div class=\"elementor-icon-box-wrapper\">\n\t\t\t\t\t\t<div class=\"elementor-icon-box-icon\">\n\t\t\t\t<span  class=\"elementor-icon elementor-animation-\">\n\t\t\t\t<svg aria-hidden=\"true\" class=\"e-font-icon-svg e-fas-temperature-high\" viewbox=\"0 0 512 512\" xmlns=\"http:\/\/www.w3.org\/2000\/svg\"><path d=\"M416 0c-52.9 0-96 43.1-96 96s43.1 96 96 96 96-43.1 96-96-43.1-96-96-96zm0 128c-17.7 0-32-14.3-32-32s14.3-32 32-32 32 14.3 32 32-14.3 32-32 32zm-160-16C256 50.1 205.9 0 144 0S32 50.1 32 112v166.5C12.3 303.2 0 334 0 368c0 79.5 64.5 144 144 144s144-64.5 144-144c0-34-12.3-64.9-32-89.5V112zM144 448c-44.1 0-80-35.9-80-80 0-25.5 12.2-48.9 32-63.8V112c0-26.5 21.5-48 48-48s48 21.5 48 48v192.2c19.8 14.8 32 38.3 32 63.8 0 44.1-35.9 80-80 80zm16-125.1V112c0-8.8-7.2-16-16-16s-16 7.2-16 16v210.9c-18.6 6.6-32 24.2-32 45.1 0 26.5 21.5 48 48 48s48-21.5 48-48c0-20.9-13.4-38.5-32-45.1z\"><\/path><\/svg>\t\t\t\t<\/span>\n\t\t\t<\/div>\n\t\t\t\t\t\t<div class=\"elementor-icon-box-content\">\n\t\t\t\t<h3 class=\"elementor-icon-box-title\">\n\t\t\t\t\t<span  >\n\t\t\t\t\t\tIngredients\t\t\t\t\t<\/span>\n\t\t\t\t<\/h3>\n\t\t\t\t\t\t\t\t\t<p class=\"elementor-icon-box-description translation-block\">water, <b>barley malts, barley flakes<\/b>, hops, yeast<\/p>\n\t\t\t\t\t\t\t<\/div>\n\t\t<\/div>\n\t\t\t\t<\/div>\n\t\t\t\t<\/div>\n\t\t\t\t\t<\/div>\n\t\t\t\t<\/div>\n\t\t\t\t<div class=\"elementor-element elementor-element-378fb1c elementor-view-default elementor-position-top elementor-mobile-position-top elementor-widget elementor-widget-icon-box\" data-id=\"378fb1c\" data-element_type=\"widget\" data-widget_type=\"icon-box.default\">\n\t\t\t\t<div class=\"elementor-widget-container\">\n\t\t\t\t\t<div class=\"elementor-icon-box-wrapper\">\n\t\t\t\t\t\t<div class=\"elementor-icon-box-icon\">\n\t\t\t\t<span  class=\"elementor-icon elementor-animation-\">\n\t\t\t\t<svg aria-hidden=\"true\" class=\"e-font-icon-svg e-fas-unlock\" viewbox=\"0 0 448 512\" xmlns=\"http:\/\/www.w3.org\/2000\/svg\"><path d=\"M400 256H152V152.9c0-39.6 31.7-72.5 71.3-72.9 40-.4 72.7 32.1 72.7 72v16c0 13.3 10.7 24 24 24h32c13.3 0 24-10.7 24-24v-16C376 68 307.5-.3 223.5 0 139.5.3 72 69.5 72 153.5V256H48c-26.5 0-48 21.5-48 48v160c0 26.5 21.5 48 48 48h352c26.5 0 48-21.5 48-48V304c0-26.5-21.5-48-48-48z\"><\/path><\/svg>\t\t\t\t<\/span>\n\t\t\t<\/div>\n\t\t\t\t\t\t<div class=\"elementor-icon-box-content\">\n\t\t\t\t<h3 class=\"elementor-icon-box-title\">\n\t\t\t\t\t<span  >\n\t\t\t\t\t\tBeer Specs\t\t\t\t\t<\/span>\n\t\t\t\t<\/h3>\n\t\t\t\t\t\t\t\t\t<p class=\"elementor-icon-box-description\">\n\t\t\t\t\t\tEkstrakt: 28\u00baPlato   | Alkohol 10,5% obj. | Goryczka \u015brednio-wysoka\t\t\t\t\t<\/p>\n\t\t\t\t\t\t\t<\/div>\n\t\t<\/div>\n\t\t\t\t<\/div>\n\t\t\t\t<\/div>\n\t\t\t\t<\/div>\n\t\t\t\t\t<\/div>\n\t\t\t\t<\/div>\n\t\t\t\t\t\t\t<\/div>","protected":false},"excerpt":{"rendered":"<p>Kr\u00f3tko o piwie G\u0119sty, ciemny, nieprzejrzysty&#8230; Klasyczny imperialny stout wzbogacony spor\u0105 dawk\u0105 kawy dodanej w formie espresso! Ale kawa to nie wszystko. \u017beby aromat by\u0142 jeszcze bardziej kompleksowy dodali\u015bmy do piwa ziarna kakaowca. Tak powsta\u0142 Triple Espresso Imperial Stout \u2013 piwo, kt\u00f3re oddaje ho\u0142d kawie, ale zachowuje dusz\u0119 stoutu. Aromat espresso czu\u0107 nie tylko w [&hellip;]<\/p>","protected":false},"author":1,"featured_media":2602,"parent":0,"menu_order":0,"comment_status":"closed","ping_status":"closed","template":"","meta":{"footnotes":""},"class_list":["post-2881","page","type-page","status-publish","has-post-thumbnail","hentry"],"_links":{"self":[{"href":"http:\/\/browarsady.pl\/en\/wp-json\/wp\/v2\/pages\/2881","targetHints":{"allow":["GET"]}}],"collection":[{"href":"http:\/\/browarsady.pl\/en\/wp-json\/wp\/v2\/pages"}],"about":[{"href":"http:\/\/browarsady.pl\/en\/wp-json\/wp\/v2\/types\/page"}],"author":[{"embeddable":true,"href":"http:\/\/browarsady.pl\/en\/wp-json\/wp\/v2\/users\/1"}],"replies":[{"embeddable":true,"href":"http:\/\/browarsady.pl\/en\/wp-json\/wp\/v2\/comments?post=2881"}],"version-history":[{"count":4,"href":"http:\/\/browarsady.pl\/en\/wp-json\/wp\/v2\/pages\/2881\/revisions"}],"predecessor-version":[{"id":2886,"href":"http:\/\/browarsady.pl\/en\/wp-json\/wp\/v2\/pages\/2881\/revisions\/2886"}],"wp:featuredmedia":[{"embeddable":true,"href":"http:\/\/browarsady.pl\/en\/wp-json\/wp\/v2\/media\/2602"}],"wp:attachment":[{"href":"http:\/\/browarsady.pl\/en\/wp-json\/wp\/v2\/media?parent=2881"}],"curies":[{"name":"wp","href":"https:\/\/api.w.org\/{rel}","templated":true}]}}